{"id":8,"date":"2024-06-17T06:56:34","date_gmt":"2024-06-17T06:56:34","guid":{"rendered":"https:\/\/kuunvalo.net\/?page_id=8"},"modified":"2024-06-17T11:28:02","modified_gmt":"2024-06-17T11:28:02","slug":"ornvik-430","status":"publish","type":"page","link":"https:\/\/kuunvalo.net\/?page_id=8","title":{"rendered":"\u00d6rnvik 430"},"content":{"rendered":"\n<p>Pituus 4,3m<\/p>\n\n\n\n<p>Leveys 1,62m<\/p>\n\n\n\n<p>Syv\u00e4ys 0,15m<\/p>\n\n\n\n<p>Paino 135kg<\/p>\n\n\n\n<p>Moottori Yamaha 20hv &#8211; vetok\u00e4ynnistyksell\u00e4 ja kauko-ohjauksella. Pakki ei mene helposti p\u00e4\u00e4lle, k\u00e4dell\u00e4 auttamalla menee. Vaihteisto ja kaasuvipu j\u00e4ykki\u00e4 k\u00e4ytt\u00e4\u00e4.<\/p>\n\n\n\n<p>Moottori huollettu 2024 kev\u00e4\u00e4ll\u00e4:<\/p>\n\n\n\n<ul class=\"wp-block-list\">\n<li>kaasutin ultra\u00e4\u00e4nipesty<\/li>\n\n\n\n<li>tulppa vaihdettu<\/li>\n\n\n\n<li>polttoaineensuodatin vaihdettu<\/li>\n\n\n\n<li>Vesij\u00e4\u00e4hdytyksess\u00e4 oleva halkeama paikattu kemiallisella metallilla (toistaiseksi kest\u00e4nyt mutta en anna t\u00e4lle takuuta. Voin paikata uudelleen tarvittaessa.)<\/li>\n<\/ul>\n\n\n\n<p>Veneess\u00e4 on valmiina:<\/p>\n\n\n\n<ul class=\"wp-block-list\">\n<li>Vapatelineet RST 3 kpl<\/li>\n\n\n\n<li>Kolmen vavan teline tuulilasin edess\u00e4<\/li>\n\n\n\n<li>2 kpl usb-pistokkeita<\/li>\n\n\n\n<li>Palosammutin<\/li>\n\n\n\n<li>Polttoaines\u00e4ili\u00f6<\/li>\n\n\n\n<li>Valo (katkaisija ratin vieress\u00e4)<\/li>\n\n\n\n<li>Automaattinen pilssipumppu<\/li>\n<\/ul>\n\n\n\n<p>Veneess\u00e4 kaksoisrunko, helppo pest\u00e4 kun vedet valuvat v\u00e4lipohjaan ja per\u00e4st\u00e4 ulos kun on keula ylh\u00e4\u00e4ll\u00e4. Veneess\u00e4 on k\u00e4yt\u00f6n j\u00e4lki\u00e4 &#8211; ei ole uusi vene.<\/p>\n\n\n\n<p>Kuvia veneest\u00e4:<\/p>\n\n\n<div id=\"metaslider-id-35\" style=\"width: 100%;\" class=\"ml-slider-3-108-0 metaslider metaslider-flex metaslider-35 ml-slider has-dots-nav ms-theme-default\" role=\"region\" aria-label=\"New Slideshow\" data-height=\"600\" data-width=\"1400\">\n    <div id=\"metaslider_container_35\">\n        <div id=\"metaslider_35\">\n            <ul class='slides'>\n                <li style=\"display: block; width: 100%;\" class=\"slide-37 ms-image \" aria-roledescription=\"slide\" data-date=\"2024-06-17 11:05:31\" data-filename=\"20240617_083942.jpg\" data-slide-type=\"image\"><img loading=\"lazy\" decoding=\"async\" width=\"924\" height=\"2000\" src=\"https:\/\/kuunvalo.net\/wp-content\/uploads\/2024\/06\/20240617_083942.jpg\" class=\"slider-35 slide-37 msDefaultImage\" alt=\"\" rel=\"\" title=\"20240617_083942\" srcset=\"https:\/\/kuunvalo.net\/wp-content\/uploads\/2024\/06\/20240617_083942.jpg 924w, https:\/\/kuunvalo.net\/wp-content\/uploads\/2024\/06\/20240617_083942-139x300.jpg 139w, https:\/\/kuunvalo.net\/wp-content\/uploads\/2024\/06\/20240617_083942-473x1024.jpg 473w, https:\/\/kuunvalo.net\/wp-content\/uploads\/2024\/06\/20240617_083942-768x1662.jpg 768w, https:\/\/kuunvalo.net\/wp-content\/uploads\/2024\/06\/20240617_083942-710x1536.jpg 710w\" sizes=\"auto, (max-width: 924px) 100vw, 924px\" \/><div class=\"caption-wrap\"><div class=\"caption\">Hallintalaitteet, valon katkaisija ja 2 usb-v\u00e4yl\u00e4\u00e4<\/div><\/div><\/li>\n                <li style=\"display: none; width: 100%;\" class=\"slide-38 ms-image \" aria-roledescription=\"slide\" data-date=\"2024-06-17 11:05:31\" data-filename=\"20240617_084045.jpg\" data-slide-type=\"image\"><img loading=\"lazy\" decoding=\"async\" width=\"924\" height=\"2000\" src=\"https:\/\/kuunvalo.net\/wp-content\/uploads\/2024\/06\/20240617_084045.jpg\" class=\"slider-35 slide-38 msDefaultImage\" alt=\"\" rel=\"\" title=\"20240617_084045\" srcset=\"https:\/\/kuunvalo.net\/wp-content\/uploads\/2024\/06\/20240617_084045.jpg 924w, https:\/\/kuunvalo.net\/wp-content\/uploads\/2024\/06\/20240617_084045-139x300.jpg 139w, https:\/\/kuunvalo.net\/wp-content\/uploads\/2024\/06\/20240617_084045-473x1024.jpg 473w, https:\/\/kuunvalo.net\/wp-content\/uploads\/2024\/06\/20240617_084045-768x1662.jpg 768w, https:\/\/kuunvalo.net\/wp-content\/uploads\/2024\/06\/20240617_084045-710x1536.jpg 710w\" sizes=\"auto, (max-width: 924px) 100vw, 924px\" \/><div class=\"caption-wrap\"><div class=\"caption\">Yleisn\u00e4kym\u00e4\u00e4<\/div><\/div><\/li>\n                <li style=\"display: none; width: 100%;\" class=\"slide-39 ms-image \" aria-roledescription=\"slide\" data-date=\"2024-06-17 11:05:31\" data-filename=\"20240617_083931.jpg\" data-slide-type=\"image\"><img loading=\"lazy\" decoding=\"async\" width=\"2000\" height=\"924\" src=\"https:\/\/kuunvalo.net\/wp-content\/uploads\/2024\/06\/20240617_083931.jpg\" class=\"slider-35 slide-39 msDefaultImage\" alt=\"\" rel=\"\" title=\"20240617_083931\" srcset=\"https:\/\/kuunvalo.net\/wp-content\/uploads\/2024\/06\/20240617_083931.jpg 2000w, https:\/\/kuunvalo.net\/wp-content\/uploads\/2024\/06\/20240617_083931-300x139.jpg 300w, https:\/\/kuunvalo.net\/wp-content\/uploads\/2024\/06\/20240617_083931-1024x473.jpg 1024w, https:\/\/kuunvalo.net\/wp-content\/uploads\/2024\/06\/20240617_083931-768x355.jpg 768w, https:\/\/kuunvalo.net\/wp-content\/uploads\/2024\/06\/20240617_083931-1536x710.jpg 1536w\" sizes=\"auto, (max-width: 2000px) 100vw, 2000px\" \/><div class=\"caption-wrap\"><div class=\"caption\">Kuskin penkki\u00e4<\/div><\/div><\/li>\n                <li style=\"display: none; width: 100%;\" class=\"slide-40 ms-image \" aria-roledescription=\"slide\" data-date=\"2024-06-17 11:05:31\" data-filename=\"20240617_084032.jpg\" data-slide-type=\"image\"><img loading=\"lazy\" decoding=\"async\" width=\"2000\" height=\"924\" src=\"https:\/\/kuunvalo.net\/wp-content\/uploads\/2024\/06\/20240617_084032.jpg\" class=\"slider-35 slide-40 msDefaultImage\" alt=\"\" rel=\"\" title=\"20240617_084032\" srcset=\"https:\/\/kuunvalo.net\/wp-content\/uploads\/2024\/06\/20240617_084032.jpg 2000w, https:\/\/kuunvalo.net\/wp-content\/uploads\/2024\/06\/20240617_084032-300x139.jpg 300w, https:\/\/kuunvalo.net\/wp-content\/uploads\/2024\/06\/20240617_084032-1024x473.jpg 1024w, https:\/\/kuunvalo.net\/wp-content\/uploads\/2024\/06\/20240617_084032-768x355.jpg 768w, https:\/\/kuunvalo.net\/wp-content\/uploads\/2024\/06\/20240617_084032-1536x710.jpg 1536w\" sizes=\"auto, (max-width: 2000px) 100vw, 2000px\" \/><div class=\"caption-wrap\"><div class=\"caption\">Yamaha 20hv<\/div><\/div><\/li>\n                <li style=\"display: none; width: 100%;\" class=\"slide-41 ms-image \" aria-roledescription=\"slide\" data-date=\"2024-06-17 11:05:32\" data-filename=\"20240617_084001.jpg\" data-slide-type=\"image\"><img loading=\"lazy\" decoding=\"async\" width=\"2000\" height=\"924\" src=\"https:\/\/kuunvalo.net\/wp-content\/uploads\/2024\/06\/20240617_084001.jpg\" class=\"slider-35 slide-41 msDefaultImage\" alt=\"\" rel=\"\" title=\"20240617_084001\" srcset=\"https:\/\/kuunvalo.net\/wp-content\/uploads\/2024\/06\/20240617_084001.jpg 2000w, https:\/\/kuunvalo.net\/wp-content\/uploads\/2024\/06\/20240617_084001-300x139.jpg 300w, https:\/\/kuunvalo.net\/wp-content\/uploads\/2024\/06\/20240617_084001-1024x473.jpg 1024w, https:\/\/kuunvalo.net\/wp-content\/uploads\/2024\/06\/20240617_084001-768x355.jpg 768w, https:\/\/kuunvalo.net\/wp-content\/uploads\/2024\/06\/20240617_084001-1536x710.jpg 1536w\" sizes=\"auto, (max-width: 2000px) 100vw, 2000px\" \/><div class=\"caption-wrap\"><div class=\"caption\">Takapenkin alla polttoaines\u00e4ili\u00f6 ja automaattinen pilssipumppu<\/div><\/div><\/li>\n                <li style=\"display: none; width: 100%;\" class=\"slide-42 ms-image \" aria-roledescription=\"slide\" data-date=\"2024-06-17 11:05:32\" data-filename=\"20240526_201230-2.jpg\" data-slide-type=\"image\"><img loading=\"lazy\" decoding=\"async\" width=\"1200\" height=\"554\" src=\"https:\/\/kuunvalo.net\/wp-content\/uploads\/2024\/06\/20240526_201230-2.jpg\" class=\"slider-35 slide-42 msDefaultImage\" alt=\"\" rel=\"\" title=\"20240526_201230-2\" srcset=\"https:\/\/kuunvalo.net\/wp-content\/uploads\/2024\/06\/20240526_201230-2.jpg 1200w, https:\/\/kuunvalo.net\/wp-content\/uploads\/2024\/06\/20240526_201230-2-300x139.jpg 300w, https:\/\/kuunvalo.net\/wp-content\/uploads\/2024\/06\/20240526_201230-2-1024x473.jpg 1024w, https:\/\/kuunvalo.net\/wp-content\/uploads\/2024\/06\/20240526_201230-2-768x355.jpg 768w\" sizes=\"auto, (max-width: 1200px) 100vw, 1200px\" \/><div class=\"caption-wrap\"><div class=\"caption\"><div>Halkeama l\u00f6ytymishetkell\u00e4<\/div><\/div><\/div><\/li>\n                <li style=\"display: none; width: 100%;\" class=\"slide-43 ms-image \" aria-roledescription=\"slide\" data-date=\"2024-06-17 11:05:32\" data-filename=\"20240527_130645.jpg\" data-slide-type=\"image\"><img loading=\"lazy\" decoding=\"async\" width=\"1200\" height=\"554\" src=\"https:\/\/kuunvalo.net\/wp-content\/uploads\/2024\/06\/20240527_130645.jpg\" class=\"slider-35 slide-43 msDefaultImage\" alt=\"\" rel=\"\" title=\"20240527_130645\" srcset=\"https:\/\/kuunvalo.net\/wp-content\/uploads\/2024\/06\/20240527_130645.jpg 1200w, https:\/\/kuunvalo.net\/wp-content\/uploads\/2024\/06\/20240527_130645-300x139.jpg 300w, https:\/\/kuunvalo.net\/wp-content\/uploads\/2024\/06\/20240527_130645-1024x473.jpg 1024w, https:\/\/kuunvalo.net\/wp-content\/uploads\/2024\/06\/20240527_130645-768x355.jpg 768w\" sizes=\"auto, (max-width: 1200px) 100vw, 1200px\" \/><div class=\"caption-wrap\"><div class=\"caption\">Moottori ennen korjausta, halkeama putsattuna<\/div><\/div><\/li>\n                <li style=\"display: none; width: 100%;\" class=\"slide-44 ms-image \" aria-roledescription=\"slide\" data-date=\"2024-06-17 11:05:32\" data-filename=\"20240528_093524-1.jpg\" data-slide-type=\"image\"><img loading=\"lazy\" decoding=\"async\" width=\"1200\" height=\"554\" src=\"https:\/\/kuunvalo.net\/wp-content\/uploads\/2024\/06\/20240528_093524-1.jpg\" class=\"slider-35 slide-44 msDefaultImage\" alt=\"\" rel=\"\" title=\"20240528_093524-1\" srcset=\"https:\/\/kuunvalo.net\/wp-content\/uploads\/2024\/06\/20240528_093524-1.jpg 1200w, https:\/\/kuunvalo.net\/wp-content\/uploads\/2024\/06\/20240528_093524-1-300x139.jpg 300w, https:\/\/kuunvalo.net\/wp-content\/uploads\/2024\/06\/20240528_093524-1-1024x473.jpg 1024w, https:\/\/kuunvalo.net\/wp-content\/uploads\/2024\/06\/20240528_093524-1-768x355.jpg 768w\" sizes=\"auto, (max-width: 1200px) 100vw, 1200px\" \/><div class=\"caption-wrap\"><div class=\"caption\"><div style=\"text-align:left;\">Halkeama korjattuna<\/div><\/div><\/div><\/li>\n                <li style=\"display: none; width: 100%;\" class=\"slide-46 ms-image \" aria-roledescription=\"slide\" data-date=\"2024-06-17 11:14:11\" data-filename=\"20240617_083926.jpg\" data-slide-type=\"image\"><img loading=\"lazy\" decoding=\"async\" width=\"2000\" height=\"924\" src=\"https:\/\/kuunvalo.net\/wp-content\/uploads\/2024\/06\/20240617_083926.jpg\" class=\"slider-35 slide-46 msDefaultImage\" alt=\"\" rel=\"\" title=\"20240617_083926\" srcset=\"https:\/\/kuunvalo.net\/wp-content\/uploads\/2024\/06\/20240617_083926.jpg 2000w, https:\/\/kuunvalo.net\/wp-content\/uploads\/2024\/06\/20240617_083926-300x139.jpg 300w, https:\/\/kuunvalo.net\/wp-content\/uploads\/2024\/06\/20240617_083926-1024x473.jpg 1024w, https:\/\/kuunvalo.net\/wp-content\/uploads\/2024\/06\/20240617_083926-768x355.jpg 768w, https:\/\/kuunvalo.net\/wp-content\/uploads\/2024\/06\/20240617_083926-1536x710.jpg 1536w\" sizes=\"auto, (max-width: 2000px) 100vw, 2000px\" \/><div class=\"caption-wrap\"><div class=\"caption\">Keskipenkin alla s\u00e4ilytystilaa ja akulle paikka<\/div><\/div><\/li>\n                <li style=\"display: none; width: 100%;\" class=\"slide-47 ms-image \" aria-roledescription=\"slide\" data-date=\"2024-06-17 11:14:11\" data-filename=\"20240617_083907.jpg\" data-slide-type=\"image\"><img loading=\"lazy\" decoding=\"async\" width=\"1200\" height=\"554\" src=\"https:\/\/kuunvalo.net\/wp-content\/uploads\/2024\/06\/20240617_083907.jpg\" class=\"slider-35 slide-47 msDefaultImage\" alt=\"\" rel=\"\" title=\"20240617_083907\" srcset=\"https:\/\/kuunvalo.net\/wp-content\/uploads\/2024\/06\/20240617_083907.jpg 1200w, https:\/\/kuunvalo.net\/wp-content\/uploads\/2024\/06\/20240617_083907-300x139.jpg 300w, https:\/\/kuunvalo.net\/wp-content\/uploads\/2024\/06\/20240617_083907-1024x473.jpg 1024w, https:\/\/kuunvalo.net\/wp-content\/uploads\/2024\/06\/20240617_083907-768x355.jpg 768w\" sizes=\"auto, (max-width: 1200px) 100vw, 1200px\" \/><div class=\"caption-wrap\"><div class=\"caption\">Yleiskuva veneest\u00e4<\/div><\/div><\/li>\n            <\/ul>\n        <\/div>\n        \n    <\/div>\n<\/div>\n\n\n\n<p><\/p>\n","protected":false},"excerpt":{"rendered":"<p>Pituus 4,3m Leveys 1,62m Syv\u00e4ys 0,15m Paino 135kg Moottori Yamaha 20hv &#8211; vetok\u00e4ynnistyksell\u00e4 ja kauko-ohjauksella. Pakki ei mene helposti p\u00e4\u00e4lle, k\u00e4dell\u00e4 auttamalla menee. Vaihteisto ja kaasuvipu j\u00e4ykki\u00e4 k\u00e4ytt\u00e4\u00e4. Moottori huollettu 2024 kev\u00e4\u00e4ll\u00e4: Veneess\u00e4 on valmiina: Veneess\u00e4 kaksoisrunko, helppo pest\u00e4 kun vedet valuvat v\u00e4lipohjaan ja per\u00e4st\u00e4 ulos kun on keula ylh\u00e4\u00e4ll\u00e4. Veneess\u00e4 on k\u00e4yt\u00f6n j\u00e4lki\u00e4 &#8211; [&hellip;]<\/p>\n","protected":false},"author":1,"featured_media":12,"parent":0,"menu_order":0,"comment_status":"open","ping_status":"closed","template":"","meta":{"footnotes":""},"class_list":["post-8","page","type-page","status-publish","has-post-thumbnail","hentry"],"_links":{"self":[{"href":"https:\/\/kuunvalo.net\/index.php?rest_route=\/wp\/v2\/pages\/8","targetHints":{"allow":["GET"]}}],"collection":[{"href":"https:\/\/kuunvalo.net\/index.php?rest_route=\/wp\/v2\/pages"}],"about":[{"href":"https:\/\/kuunvalo.net\/index.php?rest_route=\/wp\/v2\/types\/page"}],"author":[{"embeddable":true,"href":"https:\/\/kuunvalo.net\/index.php?rest_route=\/wp\/v2\/users\/1"}],"replies":[{"embeddable":true,"href":"https:\/\/kuunvalo.net\/index.php?rest_route=%2Fwp%2Fv2%2Fcomments&post=8"}],"version-history":[{"count":10,"href":"https:\/\/kuunvalo.net\/index.php?rest_route=\/wp\/v2\/pages\/8\/revisions"}],"predecessor-version":[{"id":50,"href":"https:\/\/kuunvalo.net\/index.php?rest_route=\/wp\/v2\/pages\/8\/revisions\/50"}],"wp:featuredmedia":[{"embeddable":true,"href":"https:\/\/kuunvalo.net\/index.php?rest_route=\/wp\/v2\/media\/12"}],"wp:attachment":[{"href":"https:\/\/kuunvalo.net\/index.php?rest_route=%2Fwp%2Fv2%2Fmedia&parent=8"}],"curies":[{"name":"wp","href":"https:\/\/api.w.org\/{rel}","templated":true}]}}